{"id":6395,"date":"2022-02-03T15:07:45","date_gmt":"2022-02-03T14:07:45","guid":{"rendered":"http:\/\/ze1swiebodzin.edu.pl\/?page_id=6395"},"modified":"2026-04-27T15:23:48","modified_gmt":"2026-04-27T13:23:48","slug":"rekrutacja-do-pp8","status":"publish","type":"page","link":"https:\/\/ze1swiebodzin.edu.pl\/?page_id=6395","title":{"rendered":"Rekrutacja do PP8"},"content":{"rendered":"\t\t<div data-elementor-type=\"wp-page\" data-elementor-id=\"6395\" class=\"elementor elementor-6395\">\n\t\t\t\t\t\t<section class=\"elementor-section elementor-top-section elementor-element elementor-element-a55bb49 elementor-section-boxed elementor-section-height-default elementor-section-height-default\" data-id=\"a55bb49\" data-element_type=\"section\" data-e-type=\"section\">\n\t\t\t\t\t\t<div class=\"elementor-container elementor-column-gap-default\">\n\t\t\t\t\t<div class=\"elementor-column elementor-col-100 elementor-top-column elementor-element elementor-element-f9806f8\" data-id=\"f9806f8\" data-element_type=\"column\" data-e-type=\"column\">\n\t\t\t<div class=\"elementor-widget-wrap elementor-element-populated\">\n\t\t\t\t\t\t<div class=\"elementor-element elementor-element-5148457 elementor-widget elementor-widget-text-editor\" data-id=\"5148457\" data-element_type=\"widget\" data-e-type=\"widget\" data-widget_type=\"text-editor.default\">\n\t\t\t\t<div class=\"elementor-widget-container\">\n\t\t\t\t\t\t\t\t\t<p><a href=\"http:\/\/ze1swiebodzin.edu.pl\/wp-content\/uploads\/2026\/04\/SKM_C364e26042409060.pdf\">\ud83d\udce2\u00a0<strong>REKRUTACJA \u2013 og\u0142oszenie Burmistrza \u015awiebodzina<\/strong><\/a><\/p>\t\t\t\t\t\t\t\t<\/div>\n\t\t\t\t<\/div>\n\t\t\t\t\t<\/div>\n\t\t<\/div>\n\t\t\t\t\t<\/div>\n\t\t<\/section>\n\t\t\t\t<section class=\"elementor-section elementor-top-section elementor-element elementor-element-62b1dfea elementor-section-boxed elementor-section-height-default elementor-section-height-default\" data-id=\"62b1dfea\" data-element_type=\"section\" data-e-type=\"section\">\n\t\t\t\t\t\t<div class=\"elementor-container elementor-column-gap-default\">\n\t\t\t\t\t<div class=\"elementor-column elementor-col-100 elementor-top-column elementor-element elementor-element-7232c013\" data-id=\"7232c013\" data-element_type=\"column\" data-e-type=\"column\">\n\t\t\t<div class=\"elementor-widget-wrap elementor-element-populated\">\n\t\t\t\t\t\t<div class=\"elementor-element elementor-element-11b8e814 elementor-widget elementor-widget-text-editor\" data-id=\"11b8e814\" data-element_type=\"widget\" data-e-type=\"widget\" data-widget_type=\"text-editor.default\">\n\t\t\t\t<div class=\"elementor-widget-container\">\n\t\t\t\t\t\t\t\t\t<p>ABC PRAWID\u0141OWEGO ZAPISU <strong>do PUBLICZNEGO PRZEDSZKOLA nr 8 w \u015awiebodzinie<\/strong><\/p>\n<p>Nale\u017cy zapozna\u0107 si\u0119 z instrukcj\u0105 dla rodzic\u00f3w i za\u0142o\u017cy\u0107 konto na stronie: <a href=\"https:\/\/swiebodzin.rekrutacje.edu.pl\/.\"><u>https:\/\/swiebodzin.rekrutacje.edu.pl\/.<\/u><\/a><\/p>\n<p>Nast\u0119pnie:\u00a0\u00a0<\/p>\n<ul>\n<li>wype\u0142ni\u0107 deklaracj\u0119 o kontynuacji \/ wniosek o przyj\u0119cie do przedszkola,<\/li>\n<li>wys\u0142a\u0107 drog\u0105 elektroniczn\u0105,<\/li>\n<li>wydrukowa\u0107 i podpisa\u0107 (oboje rodzic\u00f3w\/opiekun\u00f3w prawnych),<\/li>\n<li>deklaracj\u0119 o kontynuacji dostarczy\u0107 do Wychowawcy dziecka, w dniach od 26 lutego 2026 r. do 05 marca 2026 r.<\/li>\n<li>wniosek o przyj\u0119cie dostarczy\u0107 do sekretariatu Zespo\u0142u Edukacyjnego nr 1 w dniach od 06 marca 2026\u00a0r. do\u00a017\u00a0marca 2026 r.<\/li>\n<\/ul>\n<p>Wraz z wnioskiem o przyj\u0119cie nale\u017cy dostarczy\u0107:<\/p>\n<ol>\n<li>A) do wgl\u0105du:<\/li>\n<\/ol>\n<p>&#8211; dowody osobiste obojga rodzic\u00f3w\/opiekun\u00f3w prawnych,<\/p>\n<p>&#8211; odpis aktu urodzenia dziecka\/dow\u00f3d osobisty dziecka (je\u015bli posiada),<\/p>\n<ol>\n<li>B) kserokopie dokument\u00f3w:<\/li>\n<\/ol>\n<p>&#8211; wyrok\/postanowienie s\u0105du w przypadku rodzic\u00f3w\/opiekun\u00f3w samotnie wychowuj\u0105cych dziecko,<\/p>\n<p>&#8211; orzeczenie o niepe\u0142nosprawno\u015bci i\/lub opini\u0119 z poradni psychologiczno-pedagogicznej (je\u015bli dziecko lub cz\u0142onek rodziny takie posiada).<\/p>\n<ol>\n<li>C) orygina\u0142y dokument\u00f3w<\/li>\n<\/ol>\n<p>&#8211; za\u015bwiadczenie o zatrudnieniu rodzic\u00f3w\/opiekun\u00f3w prawnych<\/p>\n<p>&#8211; o\u015bwiadczenia dost\u0119pne na stronie internetowej: https:\/\/swiebodzin.rekrutacje.edu.pl\/pliki-do-pobrania<\/p>\n<ol>\n<li>D) wraz z wnioskiem o przyj\u0119cie nale\u017cy dostarczy\u0107:<\/li>\n<\/ol>\n<p>&#8211; uzupe\u0142nion\u0105 i podpisan\u0105 przez obojga rodzic\u00f3w\/opiekun\u00f3w prawnych ankiet\u0119 do aplikacji 4Parents,<\/p>\n<p>&#8211; zgod\u0119 na przetwarzanie danych osobowych oraz na rozpowszechnianie wizerunku dziecka.<\/p>\n<p>Ankieta oraz zgoda do pobrania w sekretariacie szko\u0142y lub na stronie internetowej ZE1 \u015awiebodzin.<\/p>\n<p>Podanie do publicznej wiadomo\u015bci list kandydat\u00f3w przyj\u0119tych oraz nieprzyj\u0119tych nast\u0105pi 09 kwietnia 2026 r.<\/p>\n<p><strong>Deklaracja oraz wniosek (wraz z za\u0142\u0105cznikami) wa\u017cny jest dopiero po podpisaniu przez oboje rodzic\u00f3w\/opiekun\u00f3w prawnych i dostarczeniu do plac\u00f3wki.<\/strong><\/p>\n<p><!-- \/wp:paragraph --><\/p>\n<p><!-- wp:file {\"id\":7456,\"href\":\"http:\/\/ze1swiebodzin.edu.pl\/wp-content\/uploads\/2022\/03\/oswiadczenie_woli_przyjecia_do_przedszkola-A5.docx\"} --><\/p>\n<h5><a href=\"http:\/\/ze1swiebodzin.edu.pl\/wp-content\/uploads\/2026\/02\/1.-harmonogram-rekrutacji-do-przedszkola-2026-2027.pdf\">1. harmonogram rekrutacji do przedszkola 2026-2027(pdf, 166 KB)<\/a><\/h5>\n<p><a href=\"http:\/\/ze1swiebodzin.edu.pl\/wp-content\/uploads\/2026\/02\/2.-ankieta-do-4parents-PRZEDSZKOLE-1.pdf\">2. ankieta do 4parents PRZEDSZKOLE(pdf,573 KB)<\/a><\/p>\n<p><a href=\"http:\/\/ze1swiebodzin.edu.pl\/wp-content\/uploads\/2026\/02\/3.-Zgoda-na-przetwarzanie-danych-osobowych-oraz-na-rozpowszechnianie-wizerunku.pdf\">3. Zgoda na przetwarzanie danych osobowych oraz na rozpowszechnianie wizerunku(pdf, 327 KB)<\/a><\/p>\n<p><a href=\"http:\/\/ze1swiebodzin.edu.pl\/wp-content\/uploads\/2026\/02\/4.-oswiadczenie_woli_przyjecia_do_przedszkola_2026_A5.pdf\">4. o\u015bwiadczenie_woli_przyjecia_do_przedszkola_2026_A5(pdf, 178 KB)<\/a><\/p>\n<p><a href=\"http:\/\/ze1swiebodzin.edu.pl\/wp-content\/uploads\/2026\/02\/4.-oswiadczenie_woli_przyjecia_do_przedszkola_2026_A5.docx\">4. o\u015bwiadczenie_woli_przyjecia_do_przedszkola_2026_A5(docx,13 KB)<\/a><\/p>\n<p>\u00a0<\/p>\n<p><!-- \/wp:file --><\/p>\n<p><!-- wp:paragraph --><\/p>\n<p><!-- \/wp:paragraph --><\/p>\t\t\t\t\t\t\t\t<\/div>\n\t\t\t\t<\/div>\n\t\t\t\t\t<\/div>\n\t\t<\/div>\n\t\t\t\t\t<\/div>\n\t\t<\/section>\n\t\t\t\t<\/div>\n\t\t","protected":false},"excerpt":{"rendered":"<p>\ud83d\udce2\u00a0REKRUTACJA \u2013 og\u0142oszenie Burmistrza \u015awiebodzina ABC PRAWID\u0141OWEGO ZAPISU do PUBLICZNEGO PRZEDSZKOLA nr 8 w \u015awiebodzinie Nale\u017cy zapozna\u0107 si\u0119 z instrukcj\u0105 dla rodzic\u00f3w i za\u0142o\u017cy\u0107 konto na stronie: https:\/\/swiebodzin.rekrutacje.edu.pl\/. Nast\u0119pnie:\u00a0\u00a0 wype\u0142ni\u0107 deklaracj\u0119 o kontynuacji \/ wniosek o przyj\u0119cie do przedszkola, wys\u0142a\u0107 drog\u0105 elektroniczn\u0105, wydrukowa\u0107 i podpisa\u0107 (oboje rodzic\u00f3w\/opiekun\u00f3w prawnych), deklaracj\u0119 o kontynuacji dostarczy\u0107 do Wychowawcy dziecka, w dniach od 26 lutego [&hellip;]<\/p>\n<div class=\"pvc_clear\"><\/div>\n<p id=\"pvc_stats_6395\" class=\"pvc_stats all  \" data-element-id=\"6395\" style=\"\"><i class=\"pvc-stats-icon medium\" aria-hidden=\"true\"><svg xmlns=\"http:\/\/www.w3.org\/2000\/svg\" version=\"1.0\" viewBox=\"0 0 502 315\" preserveAspectRatio=\"xMidYMid meet\"><g transform=\"translate(0,332) scale(0.1,-0.1)\" fill=\"\" stroke=\"none\"><path d=\"M2394 3279 l-29 -30 -3 -207 c-2 -182 0 -211 15 -242 39 -76 157 -76 196 0 15 31 17 60 15 243 l-3 209 -33 29 c-26 23 -41 29 -80 29 -41 0 -53 -5 -78 -31z\"\/><path d=\"M3085 3251 c-45 -19 -58 -50 -96 -229 -47 -217 -49 -260 -13 -295 52 -53 146 -42 177 20 16 31 87 366 87 410 0 70 -86 122 -155 94z\"\/><path d=\"M1751 3234 c-13 -9 -29 -31 -37 -50 -12 -29 -10 -49 21 -204 19 -94 39 -189 45 -210 14 -50 54 -80 110 -80 34 0 48 6 76 34 21 21 34 44 34 59 0 14 -18 113 -40 219 -37 178 -43 195 -70 221 -36 32 -101 37 -139 11z\"\/><path d=\"M1163 3073 c-36 -7 -73 -59 -73 -102 0 -56 133 -378 171 -413 34 -32 83 -37 129 -13 70 36 67 87 -16 290 -86 209 -89 214 -129 231 -35 14 -42 15 -82 7z\"\/><path d=\"M3689 3066 c-15 -9 -33 -30 -42 -48 -48 -103 -147 -355 -147 -375 0 -98 131 -148 192 -74 13 15 57 108 97 206 80 196 84 226 37 273 -30 30 -99 39 -137 18z\"\/><path d=\"M583 2784 c-38 -19 -67 -74 -58 -113 9 -42 211 -354 242 -373 16 -10 45 -18 66 -18 51 0 107 52 107 100 0 39 -1 41 -124 234 -80 126 -108 162 -133 173 -41 17 -61 16 -100 -3z\"\/><path d=\"M4250 2784 c-14 -9 -74 -91 -133 -183 -95 -150 -107 -173 -107 -213 0 -55 33 -94 87 -104 67 -13 90 8 211 198 130 202 137 225 78 284 -27 27 -42 34 -72 34 -22 0 -50 -8 -64 -16z\"\/><path d=\"M2275 2693 c-553 -48 -1095 -270 -1585 -649 -135 -104 -459 -423 -483 -476 -23 -49 -22 -139 2 -186 73 -142 361 -457 571 -626 285 -228 642 -407 990 -497 242 -63 336 -73 660 -74 310 0 370 5 595 52 535 111 1045 392 1455 803 122 121 250 273 275 326 19 41 19 137 0 174 -41 79 -309 363 -465 492 -447 370 -946 591 -1479 653 -113 14 -422 18 -536 8z m395 -428 c171 -34 330 -124 456 -258 112 -119 167 -219 211 -378 27 -96 24 -300 -5 -401 -72 -255 -236 -447 -474 -557 -132 -62 -201 -76 -368 -76 -167 0 -236 14 -368 76 -213 98 -373 271 -451 485 -162 444 86 934 547 1084 153 49 292 57 452 25z m909 -232 c222 -123 408 -262 593 -441 76 -74 138 -139 138 -144 0 -16 -233 -242 -330 -319 -155 -123 -309 -223 -461 -299 l-81 -41 32 46 c18 26 49 83 70 128 143 306 141 649 -6 957 -25 52 -61 116 -79 142 l-34 47 45 -20 c26 -10 76 -36 113 -56z m-2057 25 c-40 -58 -105 -190 -130 -263 -110 -324 -59 -707 132 -981 25 -35 42 -64 37 -64 -19 0 -241 119 -326 174 -188 122 -406 314 -532 468 l-58 71 108 103 c185 178 428 349 672 473 66 33 121 60 123 61 2 0 -10 -19 -26 -42z\"\/><path d=\"M2375 1950 c-198 -44 -350 -190 -395 -379 -18 -76 -8 -221 19 -290 114 -284 457 -406 731 -260 98 52 188 154 231 260 27 69 37 214 19 290 -38 163 -166 304 -326 360 -67 23 -215 33 -279 19z\"\/><\/g><\/svg><\/i> <img decoding=\"async\" width=\"16\" height=\"16\" alt=\"Loading\" src=\"https:\/\/ze1swiebodzin.edu.pl\/wp-content\/plugins\/page-views-count\/ajax-loader-2x.gif\" border=0 \/><\/p>\n<div class=\"pvc_clear\"><\/div>\n","protected":false},"author":3,"featured_media":6406,"parent":0,"menu_order":0,"comment_status":"closed","ping_status":"closed","template":"","meta":{"footnotes":""},"class_list":["post-6395","page","type-page","status-publish","has-post-thumbnail","hentry"],"a3_pvc":{"activated":true,"total_views":13749,"today_views":0},"_links":{"self":[{"href":"https:\/\/ze1swiebodzin.edu.pl\/index.php?rest_route=\/wp\/v2\/pages\/6395","targetHints":{"allow":["GET"]}}],"collection":[{"href":"https:\/\/ze1swiebodzin.edu.pl\/index.php?rest_route=\/wp\/v2\/pages"}],"about":[{"href":"https:\/\/ze1swiebodzin.edu.pl\/index.php?rest_route=\/wp\/v2\/types\/page"}],"author":[{"embeddable":true,"href":"https:\/\/ze1swiebodzin.edu.pl\/index.php?rest_route=\/wp\/v2\/users\/3"}],"replies":[{"embeddable":true,"href":"https:\/\/ze1swiebodzin.edu.pl\/index.php?rest_route=%2Fwp%2Fv2%2Fcomments&post=6395"}],"version-history":[{"count":98,"href":"https:\/\/ze1swiebodzin.edu.pl\/index.php?rest_route=\/wp\/v2\/pages\/6395\/revisions"}],"predecessor-version":[{"id":24057,"href":"https:\/\/ze1swiebodzin.edu.pl\/index.php?rest_route=\/wp\/v2\/pages\/6395\/revisions\/24057"}],"wp:featuredmedia":[{"embeddable":true,"href":"https:\/\/ze1swiebodzin.edu.pl\/index.php?rest_route=\/wp\/v2\/media\/6406"}],"wp:attachment":[{"href":"https:\/\/ze1swiebodzin.edu.pl\/index.php?rest_route=%2Fwp%2Fv2%2Fmedia&parent=6395"}],"curies":[{"name":"wp","href":"https:\/\/api.w.org\/{rel}","templated":true}]}}