{"id":6415,"date":"2022-02-03T16:14:41","date_gmt":"2022-02-03T15:14:41","guid":{"rendered":"http:\/\/ze1swiebodzin.edu.pl\/?page_id=6415"},"modified":"2026-03-06T14:30:44","modified_gmt":"2026-03-06T13:30:44","slug":"rekrutacja-do-sp6","status":"publish","type":"page","link":"https:\/\/ze1swiebodzin.edu.pl\/?page_id=6415","title":{"rendered":"Rekrutacja do SP6"},"content":{"rendered":"\t\t<div data-elementor-type=\"wp-page\" data-elementor-id=\"6415\" class=\"elementor elementor-6415\">\n\t\t\t\t\t\t<section class=\"elementor-section elementor-top-section elementor-element elementor-element-20ba8f1d elementor-section-boxed elementor-section-height-default elementor-section-height-default\" data-id=\"20ba8f1d\" data-element_type=\"section\" data-e-type=\"section\">\n\t\t\t\t\t\t<div class=\"elementor-container elementor-column-gap-default\">\n\t\t\t\t\t<div class=\"elementor-column elementor-col-100 elementor-top-column elementor-element elementor-element-25e428a6\" data-id=\"25e428a6\" data-element_type=\"column\" data-e-type=\"column\">\n\t\t\t<div class=\"elementor-widget-wrap elementor-element-populated\">\n\t\t\t\t\t\t<div class=\"elementor-element elementor-element-7c4ac461 elementor-widget elementor-widget-text-editor\" data-id=\"7c4ac461\" data-element_type=\"widget\" data-e-type=\"widget\" data-widget_type=\"text-editor.default\">\n\t\t\t\t<div class=\"elementor-widget-container\">\n\t\t\t\t\t\t\t\t\t<div>\n<p>ABC PRAWID\u0141OWEGO ZAPISU <strong>KLASA PIERWSZA<\/strong><\/p>\n<ol>\n<li>Nale\u017cy zapozna\u0107 si\u0119 z instrukcj\u0105 dla rodzic\u00f3w i za\u0142o\u017cy\u0107 konto na stronie <a href=\"https:\/\/swiebodzin.rekrutacje.edu.pl\/.\"><u>https:\/\/swiebodzin.rekrutacje.edu.pl\/<\/u>. <\/a><\/li>\n<li>\u00a0Nast\u0119pnie wype\u0142ni\u0107 zg\u0142oszenie ucznia do szko\u0142y\/wniosek o przyj\u0119cie do szko\u0142y i wys\u0142a\u0107 drog\u0105 elektroniczn\u0105.<\/li>\n<li>Zg\u0142oszenie\/ wniosek nale\u017cy wydrukowa\u0107 i podpisa\u0107 (oboje rodzic\u00f3w\/opiekun\u00f3w prawnych)<\/li>\n<li>Dostarczy\u0107 do sekretariatu Zespo\u0142u Edukacyjnego nr 1 \u015awiebodzinie w dniach od\u00a006 marca 2026 r. do\u00a017\u00a0marca 2026 r.<\/li>\n<\/ol>\n<p>\u00a0<\/p>\n<p>Ponadto nale\u017cy wype\u0142ni\u0107 i dostarczy\u0107 do szko\u0142y wewn\u0105trzszkoln\u0105 kart\u0119 zapisu, zgod\u0119 na przetwarzanie danych osobowych i na rozpowszechnianie wizerunku dziecka oraz o\u015bwiadczenie rodzica o zamieszkaniu na\u00a0terenie Gminy \u015awiebodzin (dost\u0119pne w sekretariacie szko\u0142y lub na stronie www.ze1swiebodzin.edu.pl).<\/p>\n<p>Wraz z wnioskami nale\u017cy dostarczy\u0107:<\/p>\n<ol>\n<li>A) do wgl\u0105du:<\/li>\n<\/ol>\n<p>&#8211; dowody osobiste obojga rodzic\u00f3w\/opiekun\u00f3w prawnych,<\/p>\n<p>&#8211; odpis aktu urodzenia dziecka \/ dow\u00f3d osobisty (je\u015bli dziecko posiada),<\/p>\n<ol>\n<li>B) kserokopie dokument\u00f3w:<\/li>\n<\/ol>\n<p>&#8211; wyrok\/postanowienie s\u0105du w przypadku rodzic\u00f3w\/opiekun\u00f3w prawnych samotnie wychowuj\u0105cych dziecko,<\/p>\n<p>&#8211; orzeczenie o niepe\u0142nosprawno\u015bci i\/lub opini\u0119 z poradni psychologiczno-pedagogicznej (je\u015bli dziecko takie posiada).<\/p>\n<p>Podanie do publicznej wiadomo\u015bci list kandydat\u00f3w przyj\u0119tych oraz nieprzyj\u0119tych nast\u0105pi 09 kwietnia 2026 roku.<\/p>\n<p><strong>Zg\u0142oszenie\/wniosek wa\u017cny jest dopiero po podpisaniu przez oboje rodzic\u00f3w\/opiekun\u00f3w prawnych i\u00a0dostarczeniu do plac\u00f3wki.<\/strong><\/p>\n<\/div>\n<div><a href=\"http:\/\/ze1swiebodzin.edu.pl\/wp-content\/uploads\/2026\/02\/1.-Harmonogram-rekrutacji-do-klasy-pierwszej-na-rok-szkolny-2026-2027.pdf\">1. harmonogram rekrutacji do klasy I na rok szkolny 2026-2027 (pdf, 163KB)<\/a><\/div>\n<div>\u00a0<\/div>\n<div><a href=\"http:\/\/ze1swiebodzin.edu.pl\/wp-content\/uploads\/2026\/02\/2.-SP6-zgloszenie-do-klasy-I-2026-dzieci-z-obwodu-szkoly.doc\">2. SP6 zg\u0142oszenie do klasy I 2026 &#8211; dzieci z obwodu szko\u0142y(docx. 59KB)<\/a><\/div>\n<div><a href=\"http:\/\/ze1swiebodzin.edu.pl\/wp-content\/uploads\/2026\/02\/2.-SP6-zgloszenie-do-klasy-I-2026-dzieci-z-obwodu-szkoly.pdf\">2. SP6 zg\u0142oszenie do klasy I 2026 &#8211; dzieci z obwodu szko\u0142y(pdf. 490KB)<\/a><\/div>\n<div>\u00a0<\/div>\n<div><a href=\"http:\/\/ze1swiebodzin.edu.pl\/wp-content\/uploads\/2026\/02\/3.-SP6-wniosek-do-klasy-I-2026-dzieci-spoza-obwodu-szkoly-1.doc\">3. SP6 wniosek do klasy I 2026 &#8211; dzieci spoza obwodu szko\u0142y(docx. 61KB)<\/a><\/div>\n<div><a href=\"http:\/\/ze1swiebodzin.edu.pl\/wp-content\/uploads\/2026\/02\/3.-SP6-wniosek-do-klasy-I-2026-dzieci-spoza-obwodu-szkoly-1.pdf\">3. SP6 wniosek do klasy I 2026 &#8211; dzieci spoza obwodu szko\u0142y(pdf. 319KB)<\/a><\/div>\n<div>\u00a0<\/div>\n<div><a href=\"http:\/\/ze1swiebodzin.edu.pl\/wp-content\/uploads\/2026\/02\/4.-Zgoda-na-przetwarzanie-danych-osobowych-oraz-na-rozpowszechnianie-wizerunku.pdf\">4. Zgoda na przetwarzanie danych osobowych oraz na rozpowszechnianie wizerunku(pdf.327KB)<\/a><\/div>\n<div>\u00a0<\/div>\n<div><a href=\"http:\/\/ze1swiebodzin.edu.pl\/wp-content\/uploads\/2026\/02\/6.-wywiad-pielegniarki-szkolnej-druk.pdf\">6. wywiad piel\u0119gniarki szkolnej &#8211; druk(pdf. 312 KB)<\/a><\/div>\n<div>\u00a0<\/div>\n<div><a href=\"http:\/\/ze1swiebodzin.edu.pl\/wp-content\/uploads\/2026\/02\/7.-oswiadczenie_woli_przyjecia_do_szkoly_2026_-A5.docx\">7. o\u015bwiadczenie_woli_przyjecia_do_szko\u0142y_2026_ A5 (docx. 13 KB)<\/a><\/div>\n<div><a href=\"http:\/\/ze1swiebodzin.edu.pl\/wp-content\/uploads\/2026\/02\/7.-oswiadczenie_woli_przyjecia_do_szkoly_2026_-A5.pdf\">7. o\u015bwiadczenie_woli_przyjecia_do_szko\u0142y_2026_ A5(pdf. 179 KB)<\/a><\/div>\n<div>\u00a0<\/div>\n<div><a href=\"http:\/\/ze1swiebodzin.edu.pl\/wp-content\/uploads\/2026\/02\/8.-Karta-zgloszenia-miejscowych-dzieci-do-swietlicy-z-klauzula-informacyjna.pdf\">8. Karta zg\u0142oszenia miejscowych dzieci do \u015bwietlicy z klauzul\u0105 informacyjn\u0105 (pdf. 398 KB)<\/a><\/div>\n<div>\u00a0<\/div>\n<p><a href=\"http:\/\/ze1swiebodzin.edu.pl\/wp-content\/uploads\/2026\/03\/9.-obwody-szkol-2026.09.01.pdf\">9. obwody szk\u00f3\u0142 2026.09.01<\/a><\/p>\n<p>Granice obwodu Szko\u0142y Podstawowej nr 6 im. Kornela Makuszy\u0144skiego w \u015awiebodzinie:<\/p>\n<p>ulice: Bursztynowa, Cisowa, Diamentowa, Do\u017cynkowa, Dzia\u0142kowa, Gronowa, Ja\u015bminowa, Jod\u0142owa, Lipowa, \u0141u\u017cycka- od nr 51, Modrzewiowa, Sadowa, S\u0142owia\u0144ska, Sosnowa, Szafirowa, Szkolna, Szmaragdowa, \u015awierkowa, Turkusowa<\/p>\n<p>osiedle \u0141u\u017cyckie \u2013 bloki nr 7, 8, 9, 10, 11, 12, 13, 14, 15, 16, 17, 18, 19, 20, 22, 23, 24, 25, 26, 27, 29A, 29B, 29C, 40, 41, 42, 43, 44, 45, 46, 47, 48, 49 i nr 50, osiedle Po\u0142udniowe, osiedle S\u0142oneczne<\/p>\n<p>miejscowo\u015bci: Chociule, K\u0119psko, Mi\u0142kowo, Osog\u00f3ra, Podlesie, Rak\u00f3w, Rosin, Rudgerzowice<\/p>\n<div><a href=\"http:\/\/ze1swiebodzin.edu.pl\/wp-content\/uploads\/2026\/02\/Klauzula-informacyjna-wniosek-o-przyjedzie-do-klasy-I-dzieci-spoza-obwodu-szkoly-1.pdf\">Klauzula informacyjna wniosek o przyj\u0119cie do klasy I &#8211; dzieci spoza obwodu szko\u0142y(pdf. 116KB)<\/a><\/div>\n<div>\u00a0<\/div>\n<div><a href=\"http:\/\/ze1swiebodzin.edu.pl\/wp-content\/uploads\/2026\/02\/Klauzula-informacyjna-zapewnienie-zajec-swietlicowych-1.pdf\">Klauzula informacyjna zapewnienie zaj\u0119\u0107 \u015bwietlicowych(pdf.120)<\/a><\/div>\n<div>\u00a0<\/div>\n<div><a href=\"http:\/\/ze1swiebodzin.edu.pl\/wp-content\/uploads\/2026\/02\/Klauzula-informacyjna-zgloszenie-do-klasy-I-dzieci-z-obwodu-szkoly-1.pdf\">Klauzula informacyjna zg\u0142oszenie do klasy I &#8211; dzieci z obwodu szko\u0142y(pdf.287KB)<\/a><\/div>\n<div>\u00a0<\/div>\n<p><!-- \/wp:file --><\/p>\n<p><!-- wp:file {\"id\":6976,\"href\":\"http:\/\/ze1swiebodzin.edu.pl\/wp-content\/uploads\/2022\/03\/Zgoda-na-przetwarzanie-danych-osobowych-oraz-na-rozpowszechnianie-wizerunku-1.pdf\"} --><\/p>\n<p><!-- \/wp:file --><\/p>\n<p><!-- wp:file \/--><\/p>\t\t\t\t\t\t\t\t<\/div>\n\t\t\t\t<\/div>\n\t\t\t\t<div class=\"elementor-element elementor-element-5a86d91 elementor-widget elementor-widget-spacer\" data-id=\"5a86d91\" data-element_type=\"widget\" data-e-type=\"widget\" data-widget_type=\"spacer.default\">\n\t\t\t\t<div class=\"elementor-widget-container\">\n\t\t\t\t\t\t\t<div class=\"elementor-spacer\">\n\t\t\t<div class=\"elementor-spacer-inner\"><\/div>\n\t\t<\/div>\n\t\t\t\t\t\t<\/div>\n\t\t\t\t<\/div>\n\t\t\t\t\t<\/div>\n\t\t<\/div>\n\t\t\t\t\t<\/div>\n\t\t<\/section>\n\t\t\t\t<\/div>\n\t\t","protected":false},"excerpt":{"rendered":"<p>ABC PRAWID\u0141OWEGO ZAPISU KLASA PIERWSZA Nale\u017cy zapozna\u0107 si\u0119 z instrukcj\u0105 dla rodzic\u00f3w i za\u0142o\u017cy\u0107 konto na stronie https:\/\/swiebodzin.rekrutacje.edu.pl\/. \u00a0Nast\u0119pnie wype\u0142ni\u0107 zg\u0142oszenie ucznia do szko\u0142y\/wniosek o przyj\u0119cie do szko\u0142y i wys\u0142a\u0107 drog\u0105 elektroniczn\u0105. Zg\u0142oszenie\/ wniosek nale\u017cy wydrukowa\u0107 i podpisa\u0107 (oboje rodzic\u00f3w\/opiekun\u00f3w prawnych) Dostarczy\u0107 do sekretariatu Zespo\u0142u Edukacyjnego nr 1 \u015awiebodzinie w dniach od\u00a006 marca 2026 r. do\u00a017\u00a0marca 2026 r. \u00a0 Ponadto [&hellip;]<\/p>\n<div class=\"pvc_clear\"><\/div>\n<p id=\"pvc_stats_6415\" class=\"pvc_stats all  \" data-element-id=\"6415\" style=\"\"><i class=\"pvc-stats-icon medium\" aria-hidden=\"true\"><svg xmlns=\"http:\/\/www.w3.org\/2000\/svg\" version=\"1.0\" viewBox=\"0 0 502 315\" preserveAspectRatio=\"xMidYMid meet\"><g transform=\"translate(0,332) scale(0.1,-0.1)\" fill=\"\" stroke=\"none\"><path d=\"M2394 3279 l-29 -30 -3 -207 c-2 -182 0 -211 15 -242 39 -76 157 -76 196 0 15 31 17 60 15 243 l-3 209 -33 29 c-26 23 -41 29 -80 29 -41 0 -53 -5 -78 -31z\"\/><path d=\"M3085 3251 c-45 -19 -58 -50 -96 -229 -47 -217 -49 -260 -13 -295 52 -53 146 -42 177 20 16 31 87 366 87 410 0 70 -86 122 -155 94z\"\/><path d=\"M1751 3234 c-13 -9 -29 -31 -37 -50 -12 -29 -10 -49 21 -204 19 -94 39 -189 45 -210 14 -50 54 -80 110 -80 34 0 48 6 76 34 21 21 34 44 34 59 0 14 -18 113 -40 219 -37 178 -43 195 -70 221 -36 32 -101 37 -139 11z\"\/><path d=\"M1163 3073 c-36 -7 -73 -59 -73 -102 0 -56 133 -378 171 -413 34 -32 83 -37 129 -13 70 36 67 87 -16 290 -86 209 -89 214 -129 231 -35 14 -42 15 -82 7z\"\/><path d=\"M3689 3066 c-15 -9 -33 -30 -42 -48 -48 -103 -147 -355 -147 -375 0 -98 131 -148 192 -74 13 15 57 108 97 206 80 196 84 226 37 273 -30 30 -99 39 -137 18z\"\/><path d=\"M583 2784 c-38 -19 -67 -74 -58 -113 9 -42 211 -354 242 -373 16 -10 45 -18 66 -18 51 0 107 52 107 100 0 39 -1 41 -124 234 -80 126 -108 162 -133 173 -41 17 -61 16 -100 -3z\"\/><path d=\"M4250 2784 c-14 -9 -74 -91 -133 -183 -95 -150 -107 -173 -107 -213 0 -55 33 -94 87 -104 67 -13 90 8 211 198 130 202 137 225 78 284 -27 27 -42 34 -72 34 -22 0 -50 -8 -64 -16z\"\/><path d=\"M2275 2693 c-553 -48 -1095 -270 -1585 -649 -135 -104 -459 -423 -483 -476 -23 -49 -22 -139 2 -186 73 -142 361 -457 571 -626 285 -228 642 -407 990 -497 242 -63 336 -73 660 -74 310 0 370 5 595 52 535 111 1045 392 1455 803 122 121 250 273 275 326 19 41 19 137 0 174 -41 79 -309 363 -465 492 -447 370 -946 591 -1479 653 -113 14 -422 18 -536 8z m395 -428 c171 -34 330 -124 456 -258 112 -119 167 -219 211 -378 27 -96 24 -300 -5 -401 -72 -255 -236 -447 -474 -557 -132 -62 -201 -76 -368 -76 -167 0 -236 14 -368 76 -213 98 -373 271 -451 485 -162 444 86 934 547 1084 153 49 292 57 452 25z m909 -232 c222 -123 408 -262 593 -441 76 -74 138 -139 138 -144 0 -16 -233 -242 -330 -319 -155 -123 -309 -223 -461 -299 l-81 -41 32 46 c18 26 49 83 70 128 143 306 141 649 -6 957 -25 52 -61 116 -79 142 l-34 47 45 -20 c26 -10 76 -36 113 -56z m-2057 25 c-40 -58 -105 -190 -130 -263 -110 -324 -59 -707 132 -981 25 -35 42 -64 37 -64 -19 0 -241 119 -326 174 -188 122 -406 314 -532 468 l-58 71 108 103 c185 178 428 349 672 473 66 33 121 60 123 61 2 0 -10 -19 -26 -42z\"\/><path d=\"M2375 1950 c-198 -44 -350 -190 -395 -379 -18 -76 -8 -221 19 -290 114 -284 457 -406 731 -260 98 52 188 154 231 260 27 69 37 214 19 290 -38 163 -166 304 -326 360 -67 23 -215 33 -279 19z\"\/><\/g><\/svg><\/i> <img decoding=\"async\" width=\"16\" height=\"16\" alt=\"Loading\" src=\"https:\/\/ze1swiebodzin.edu.pl\/wp-content\/plugins\/page-views-count\/ajax-loader-2x.gif\" border=0 \/><\/p>\n<div class=\"pvc_clear\"><\/div>\n","protected":false},"author":3,"featured_media":6412,"parent":0,"menu_order":0,"comment_status":"closed","ping_status":"closed","template":"","meta":{"footnotes":""},"class_list":["post-6415","page","type-page","status-publish","has-post-thumbnail","hentry"],"_links":{"self":[{"href":"https:\/\/ze1swiebodzin.edu.pl\/index.php?rest_route=\/wp\/v2\/pages\/6415","targetHints":{"allow":["GET"]}}],"collection":[{"href":"https:\/\/ze1swiebodzin.edu.pl\/index.php?rest_route=\/wp\/v2\/pages"}],"about":[{"href":"https:\/\/ze1swiebodzin.edu.pl\/index.php?rest_route=\/wp\/v2\/types\/page"}],"author":[{"embeddable":true,"href":"https:\/\/ze1swiebodzin.edu.pl\/index.php?rest_route=\/wp\/v2\/users\/3"}],"replies":[{"embeddable":true,"href":"https:\/\/ze1swiebodzin.edu.pl\/index.php?rest_route=%2Fwp%2Fv2%2Fcomments&post=6415"}],"version-history":[{"count":111,"href":"https:\/\/ze1swiebodzin.edu.pl\/index.php?rest_route=\/wp\/v2\/pages\/6415\/revisions"}],"predecessor-version":[{"id":23745,"href":"https:\/\/ze1swiebodzin.edu.pl\/index.php?rest_route=\/wp\/v2\/pages\/6415\/revisions\/23745"}],"wp:featuredmedia":[{"embeddable":true,"href":"https:\/\/ze1swiebodzin.edu.pl\/index.php?rest_route=\/wp\/v2\/media\/6412"}],"wp:attachment":[{"href":"https:\/\/ze1swiebodzin.edu.pl\/index.php?rest_route=%2Fwp%2Fv2%2Fmedia&parent=6415"}],"curies":[{"name":"wp","href":"https:\/\/api.w.org\/{rel}","templated":true}]}}